{"id":3698,"date":"2025-05-20T12:38:23","date_gmt":"2025-05-20T12:38:23","guid":{"rendered":"https:\/\/pizzerialakeview.com\/?post_type=product&#038;p=3698"},"modified":"2025-06-16T21:42:07","modified_gmt":"2025-06-16T21:42:07","slug":"3698","status":"publish","type":"product","link":"https:\/\/pizzerialakeview.com\/?product=3698","title":{"rendered":"Loj\u00ebrat p\u00ebr f\u00ebmij\u00eb"},"content":{"rendered":"<ul>\n<li class=\"\" data-start=\"114\" data-end=\"181\">\n<p class=\"\" data-start=\"116\" data-end=\"181\"><span data-start=\"166\" data-end=\"178\">Mosha <\/span><strong data-start=\"166\" data-end=\"178\">2\u20137 vje\u00e7<\/strong>.<\/p>\n<\/li>\n<li class=\"\" data-start=\"182\" data-end=\"237\">\n<p class=\"\" data-start=\"184\" data-end=\"237\">Pagesa p\u00ebr hyrje \u00ebsht\u00eb <strong data-start=\"207\" data-end=\"234\">450 lek\u00eb p\u00ebr 2 or\u00eb loj\u00eb<\/strong>.<\/p>\n<\/li>\n<li class=\"\" data-start=\"238\" data-end=\"292\">\n<p class=\"\" data-start=\"240\" data-end=\"292\">Pas dy or\u00ebsh, b\u00ebhet <strong data-start=\"260\" data-end=\"275\">pages\u00eb e re<\/strong> sipas tarif\u00ebs.<\/p>\n<\/li>\n<li class=\"\" data-start=\"293\" data-end=\"350\">\n<p class=\"\" data-start=\"295\" data-end=\"350\"><strong data-start=\"295\" data-end=\"318\">Nuk lejohet ushqimi<\/strong> brenda ambientit t\u00eb loj\u00ebrave.<\/p>\n<\/li>\n<li class=\"\" data-start=\"351\" data-end=\"413\">\n<p class=\"\" data-start=\"353\" data-end=\"413\"><strong data-start=\"353\" data-end=\"386\">Lodrat nuk lejohen t\u00eb nxirren<\/strong> jasht\u00eb k\u00ebndit t\u00eb loj\u00ebrave.<\/p>\n<\/li>\n<\/ul>\n","protected":false},"excerpt":{"rendered":"<ol>\n<li data-start=\"116\" data-end=\"181\"><strong data-start=\"166\" data-end=\"178\">Mosha 2\u20137 vje\u00e7<\/strong>.<\/li>\n<li data-start=\"184\" data-end=\"237\"><strong data-start=\"207\" data-end=\"234\">Pagesa 450 lek\u00eb\u00a0 2 or\u00eb loj\u00eb<\/strong>.<\/li>\n<\/ol>\n","protected":false},"featured_media":3925,"comment_status":"open","ping_status":"closed","template":"","meta":[],"product_brand":[],"product_cat":[99],"product_tag":[],"class_list":{"0":"post-3698","1":"product","2":"type-product","3":"status-publish","4":"has-post-thumbnail","6":"product_cat-lodra","8":"first","9":"instock","10":"shipping-taxable","11":"purchasable","12":"product-type-simple"},"_links":{"self":[{"href":"https:\/\/pizzerialakeview.com\/index.php?rest_route=\/wp\/v2\/product\/3698","targetHints":{"allow":["GET"]}}],"collection":[{"href":"https:\/\/pizzerialakeview.com\/index.php?rest_route=\/wp\/v2\/product"}],"about":[{"href":"https:\/\/pizzerialakeview.com\/index.php?rest_route=\/wp\/v2\/types\/product"}],"replies":[{"embeddable":true,"href":"https:\/\/pizzerialakeview.com\/index.php?rest_route=%2Fwp%2Fv2%2Fcomments&post=3698"}],"wp:featuredmedia":[{"embeddable":true,"href":"https:\/\/pizzerialakeview.com\/index.php?rest_route=\/wp\/v2\/media\/3925"}],"wp:attachment":[{"href":"https:\/\/pizzerialakeview.com\/index.php?rest_route=%2Fwp%2Fv2%2Fmedia&parent=3698"}],"wp:term":[{"taxonomy":"product_brand","embeddable":true,"href":"https:\/\/pizzerialakeview.com\/index.php?rest_route=%2Fwp%2Fv2%2Fproduct_brand&post=3698"},{"taxonomy":"product_cat","embeddable":true,"href":"https:\/\/pizzerialakeview.com\/index.php?rest_route=%2Fwp%2Fv2%2Fproduct_cat&post=3698"},{"taxonomy":"product_tag","embeddable":true,"href":"https:\/\/pizzerialakeview.com\/index.php?rest_route=%2Fwp%2Fv2%2Fproduct_tag&post=3698"}],"curies":[{"name":"wp","href":"https:\/\/api.w.org\/{rel}","templated":true}]}}